{"id":750,"date":"2018-01-06T13:16:24","date_gmt":"2018-01-06T12:16:24","guid":{"rendered":"http:\/\/www.refro.at\/refroto\/wp2\/?page_id=750"},"modified":"2018-01-06T22:51:45","modified_gmt":"2018-01-06T21:51:45","slug":"kalender","status":"publish","type":"page","link":"https:\/\/foto.refro.at\/?page_id=750","title":{"rendered":"\u00d6ffentliche Kalender"},"content":{"rendered":"<div class=\"wpb-content-wrapper\"><p>[vc_row][vc_column width=&#8220;2\/3&#8243;][vc_separator][vc_column_text]Klicke auf das Kalenderbild, um seinen Inhalt, um die Monatsseiten durchbl\u00e4ttern zu k\u00f6nnen.<\/p>\n<p>Um zwischen den Seiten zu wechseln, kannst du wie in einem Buch die Ecken der Seite mit der Maus ziehen und so umbl\u00e4ttern. Alternativ reicht ein Klick auf den linken oder rechten Bereich des &#8222;Buches&#8220;, um zur\u00fcck bzw. vorw\u00e4rts zu springen. Ein Men\u00fc mit &#8222;Navigationspfeilen&#8220; gibt&#8217;s auch noch. Viel Spa\u00df beim Durchsehen![\/vc_column_text][vc_separator][vc_tta_accordion][vc_tta_section title=&#8220;Kalender c11|2018 (Panorama)&#8220; tab_id=&#8220;1515234769959-5c937abf-6175&#8243;][vc_row_inner][vc_column_inner][vc_single_image image=&#8220;737&#8243; img_size=&#8220;full&#8220; onclick=&#8220;custom_link&#8220; link=&#8220;http:\/\/c.refro.at\/c11_2018\/index.html&#8220;][vc_column_text]2018 ist also das erste Jahr, wo kein Bild mehr von unserer Tochter Eva aufscheint. Kein einziges. Da bin ich ja mal gespannt auf die Gesichter \u2013 ich denke da an die Erwartungshaltung der Begl\u00fcckten. Keine Eva hei\u00dft f\u00fcr mich, dass ich zu 100% gestalterische Freiheit besitze. Und da habe ich mich gleich mal an ein etwas breiteres Format gewagt \u2013 dem Panorama.<\/p>\n<p>Die Suche nach geeigneten Bildern hat ergeben, dass ich eigentlich auch bereits in der Vergangenheit Panoramen erstellt habe, freilich werden diese heute meinen fotografischen Anspr\u00fcchen nicht mehr ganz gerecht. Jedoch besteht auch durch den Fortschritt bei den Bildbearbeitungsprogrammen hier die M\u00f6glichkeit, nachtr\u00e4glich doch einige Verbesserungen anzubringen :).<br \/>\nBeim Kalender m\u00f6chte ich mit den Bildern aber auch ein wenig den Bezug zum Monat wahren \u2013 nicht einfach nur eine \u201eLeistungsschau\u201c zB. der heurigen Urlaubsdestination abziehen \u2013 und dann wird die Bildermenge bereits segmentiert (und limitiert).<\/p>\n<p>Auch mit Kritik kann ich beim erneuten Betrachten meiner \u201e\u00e4lteren\u201c Panoramen nicht sparen \u2013 da glaube ich doch, in den letzten Jahren einiges an Erfahrung dazugewonnen zu haben. Da bietet sich wohl einmal ein eigener Beitrag dazu an.<\/p>\n<p>Spa\u00df gemacht hat jedenfalls auch wieder die M\u00f6glichkeit, eine neue Vorlage f\u00fcr meine Kalenderprogramm Aquasoft Photokalender zu erstellen \u2013 trotz einiger Macken und Eigenheiten ist der Photokalender ein echt geniales, ausgefuchstes Programm.<\/p>\n<p>Jedenfalls bin ich schon auf das gedruckte Exemplar mit den Ma\u00dfen 550 x 270 mm neugierig.[\/vc_column_text][\/vc_column_inner][\/vc_row_inner][\/vc_tta_section][\/vc_tta_accordion][\/vc_column][vc_column width=&#8220;1\/3&#8243;][vc_column_text]Wirklich Wirkung erzeugt ein Bild ja erst, wenn es gedruckt ist und an der Wand h\u00e4ngt. Eine Erkenntnis, zu der viele (Hobby)Fotografen sehr lange brauchen.<br \/>\nKalender sind somit f\u00fcr uns &#8222;Bildproduzenten&#8220; ein ideales Bet\u00e4tigungsfeld \u2013 auch, um die Fotos von ihrem tristen Dasein auf den diversen Speichermedien zu befreien.<br \/>\nZu moderaten Preisen kann mit Kalender (und Fotobuch) zu unz\u00e4hligen Themenbereichen (nicht nur) die Verwandtschaft zu allen m\u00f6glichen, immer wiederkehrenden Fixterminen im Jahr begl\u00fcckt werden. Und glaube mir, viele sind f\u00fcr diese pers\u00f6nliche Art von Geschenken sehr dankbar.<br \/>\nWer Kinder hat und diese regelm\u00e4\u00dfig ins Bild setzt &#8211; und jetzt mal ehrlich: wer macht das bei Familie nicht &#8211; der braucht sich auch keine Gedanken mehr \u00fcber passende Motive zu machen. Zumindestens bis in Teenager-Alter ;-).<br \/>\nDie ersten 10 meiner Kalender habe ich also unserer Tochter Eva gewidmet. Erst (jetzt) Richtung Erwachsenalter l\u00e4sst sie sich nicht mehr ganz so bereitwillig ablichten bzw. bewusst vor die Linse bitten. Auch kein Drama, denn jetzt genie\u00dfe ich daf\u00fcr die volle k\u00fcnstlerische Freiheit bei der Bildauswahl und dem Format :). Zudem kann ich diese Werke nun auch \u00f6ffentlich zur Einsicht stellen.<br \/>\nEin gutes Bild alleine macht aber noch keinen ganzen Kalender. Gerade ein Printmedium verlangt erstens eine andere Farb-Bearbeitung als f\u00fcr den Bildschirm und zweitens auch ein anders &#8222;in Szene setzen&#8220;. Denn \u00e4hnlich wie bei einer Diashow verlangt ein Kalender eine Art Sequenz, einen roten Faden bzw. durchgehende (Motiv)Geschichte &#8211; und der bzw. die ist nicht immer so einfach zu realisieren. Nicht in Farbe, nicht beim Motiv, nicht bei der Aufnahmetechnik und auch nicht beim Leitthema.<br \/>\nEin ansprechendes Layout ist eine zus\u00e4tzliche, kreative und gestalterische Herausforderung f\u00fcr den Gestalter. Nicht umsonst hei\u00dft es bekanntlich so treffend: Das Ganze ist mehr als die Summe der Einzelteile \ud83d\ude09 &#8211; aber wir Fotografen brauchen ohnehin immer ein reiches Bet\u00e4tigungsfeld zum Verbessern unserer pers\u00f6nlichen F\u00e4higkeiten, nicht wahr?[\/vc_column_text][\/vc_column][\/vc_row][vc_row][vc_column][\/vc_column][\/vc_row][vc_row][vc_column][\/vc_column][\/vc_row]<\/p>\n<\/div>","protected":false},"excerpt":{"rendered":"<p>[vc_row][vc_column width=&#8220;2\/3&#8243;][vc_separator][vc_column_text]Klicke auf das Kalenderbild, um seinen Inhalt, um die Monatsseiten durchbl\u00e4ttern zu k\u00f6nnen. Um zwischen den Seiten zu wechseln, kannst du wie in einem Buch die Ecken der Seite mit der Maus ziehen und so umbl\u00e4ttern. Alternativ reicht ein Klick auf den linken oder rechten Bereich des &#8222;Buches&#8220;, um zur\u00fcck bzw. vorw\u00e4rts zu springen.&hellip;<\/p>\n","protected":false},"author":1,"featured_media":0,"parent":53,"menu_order":0,"comment_status":"closed","ping_status":"closed","template":"","meta":{"footnotes":""},"class_list":["post-750","page","type-page","status-publish","hentry"],"_links":{"self":[{"href":"https:\/\/foto.refro.at\/index.php?rest_route=\/wp\/v2\/pages\/750","targetHints":{"allow":["GET"]}}],"collection":[{"href":"https:\/\/foto.refro.at\/index.php?rest_route=\/wp\/v2\/pages"}],"about":[{"href":"https:\/\/foto.refro.at\/index.php?rest_route=\/wp\/v2\/types\/page"}],"author":[{"embeddable":true,"href":"https:\/\/foto.refro.at\/index.php?rest_route=\/wp\/v2\/users\/1"}],"replies":[{"embeddable":true,"href":"https:\/\/foto.refro.at\/index.php?rest_route=%2Fwp%2Fv2%2Fcomments&post=750"}],"version-history":[{"count":10,"href":"https:\/\/foto.refro.at\/index.php?rest_route=\/wp\/v2\/pages\/750\/revisions"}],"predecessor-version":[{"id":780,"href":"https:\/\/foto.refro.at\/index.php?rest_route=\/wp\/v2\/pages\/750\/revisions\/780"}],"up":[{"embeddable":true,"href":"https:\/\/foto.refro.at\/index.php?rest_route=\/wp\/v2\/pages\/53"}],"wp:attachment":[{"href":"https:\/\/foto.refro.at\/index.php?rest_route=%2Fwp%2Fv2%2Fmedia&parent=750"}],"curies":[{"name":"wp","href":"https:\/\/api.w.org\/{rel}","templated":true}]}}